{"id":3,"date":"2025-05-20T19:27:08","date_gmt":"2025-05-20T19:27:08","guid":{"rendered":"http:\/\/okoboro.com\/?page_id=3"},"modified":"2025-07-14T15:10:12","modified_gmt":"2025-07-14T15:10:12","slug":"ochrana-osobnych-udajov","status":"publish","type":"page","link":"https:\/\/okoboro.com\/en\/ochrana-osobnych-udajov\/","title":{"rendered":"Privacy policy"},"content":{"rendered":"<div data-elementor-type=\"wp-page\" data-elementor-id=\"3\" class=\"elementor elementor-3\" data-elementor-post-type=\"page\">\n\t\t\t\t<div class=\"elementor-element elementor-element-73690fed e-flex e-con-boxed e-con e-parent\" data-id=\"73690fed\" data-element_type=\"container\" data-e-type=\"container\">\n\t\t\t\t\t<div class=\"e-con-inner\">\n\t\t\t\t<div class=\"elementor-element elementor-element-1a8af4a elementor-widget elementor-widget-heading\" data-id=\"1a8af4a\" data-element_type=\"widget\" data-e-type=\"widget\" data-widget_type=\"heading.default\">\n\t\t\t\t<div class=\"elementor-widget-container\">\n\t\t\t\t\t<h1 class=\"elementor-heading-title elementor-size-default\">Privacy policy<\/h1>\t\t\t\t<\/div>\n\t\t\t\t<\/div>\n\t\t\t\t<div class=\"elementor-element elementor-element-2d7c7cf4 elementor-widget elementor-widget-text-editor\" data-id=\"2d7c7cf4\" data-element_type=\"widget\" data-e-type=\"widget\" data-widget_type=\"text-editor.default\">\n\t\t\t\t<div class=\"elementor-widget-container\">\n\t\t\t\t\t\t\t\t\t<h4><b>CONSENT TO THE PROCESSING OF PERSONAL DATA<\/b><\/h4><p><span style=\"font-weight: 400;\">S\u00fahlas so spracovan\u00edm osobn\u00fdch \u00fadajov (\u010falej len \u201eS\u00fahlas\u201c): S\u00fahlas\u00edm so spracovan\u00edm svojich osobn\u00fdch \u00fadajov spolo\u010dnos\u0165ou Fishbone s.r.o. (I\u010cO 54128765) email: info@okoboro.com v zmysle Nariadenia Eur\u00f3pskeho parlamentu a Rady E\u00da 2016\/679 (GDPR). Spolo\u010dnos\u0165 opr\u00e1v\u0148ujem spracova\u0165 svoje osobn\u00e9 \u00fadaje v rozsahu: meno a priezvisko, titul, e-mail a telef\u00f3nne \u010d\u00edslo za \u00fa\u010delom vz\u00e1jomnej komunik\u00e1cie a distrib\u00facie inform\u00e1ci\u00ed o jeho aktivit\u00e1ch, projektoch a v\u00fdzvach. Som si vedom\u00fd svojich pr\u00e1v v zmysle GDPR.<\/span><\/p><p><span style=\"font-weight: 400;\">If we treat your personal data on the basis of a legitimate interest, it takes the processing after the time that it takes our legitimate interest. Against the processing of your personal data which takes place on the basis of the legal title to a legitimate interest you can object at any time.<\/span><span style=\"font-weight: 400;\"><br \/><\/span><span style=\"font-weight: 400;\">\u00a0<\/span><\/p><p><span style=\"font-weight: 400;\">If it is not part of our agreement with you or your company, your data without your consent we share that with anyone. Absolutely with anyone. This does not apply if we are required to disclose information to public authorities (courts, law enforcement authorities, control authorities and etc.)<\/span><\/p><p><span style=\"font-weight: 400;\">Your data nezam\u00fd\u0161\u013eame transfer to a third country or to an international organisation.<\/span><\/p><p><b>Your rights<\/b><b><\/b><\/p><p><b>\u00a0<\/b><\/p><p>\u00a0<\/p><p><b>The revocation of consent:<\/b><\/p><p><span style=\"font-weight: 400;\">If we keep your data with your consent, this consent at any time revoke, in the same way that you it to us, granted. The revocation of consent does not affect the lawfulness of the processing of your personal data, which occurred prior to the withdrawal of your consent.<\/span><\/p><p><b>Right to access:<\/b><\/p><p><span style=\"font-weight: 400;\">You can us to request issuance of a confirmation of whether, and if so, what personal data we collect. At your request we shall be obliged to you to disclose. If contacting us on the provision of personal data repeatedly, we may charge a reasonable fee corresponding to the administrative costs associated with the repeated provision of your data.<\/span><\/p><p><b>Right to correction and additions:<\/b><\/p><p><span style=\"font-weight: 400;\">If you find that any of your data that we keep, they are incorrect or incomplete, you have the right to ask us to repair and replenish.<\/span><\/p><p><b>Right to deletion:<\/b><\/p><p><span style=\"font-weight: 400;\">If you no longer want, that we processed your personal data, you have the right to ask us for their deletion. Your data we are obliged to delete, without undue delay after receipt of your request; however, this does not apply in all cases \u2013 your information, we are not bound to delete-especially if their process for lawful purposes and in a lawful manner, t.j. in accordance with the regulations on the protection of personal data.<\/span><\/p><p><span style=\"font-weight: 400;\">Right to submit a proposal for action on the protection of personal data:<\/span><\/p><p><span style=\"font-weight: 400;\">If you believe that we have violated your rights when processing personal data, you may submit to the Office for personal data protection of the SLOVAK republic a proposal for the commencement of proceedings on the protection of personal data. We would be pleased, if you before the filing of such a proposal have contacted us directly and give us the opportunity to resolve the situation to your satisfaction.<\/span><\/p><p><b>Right to object:<\/b><\/p><p><span style=\"font-weight: 400;\">Please note that you have the right to object to processing of your personal data, in case, if their processing occurs on a legal basis a legitimate interest of our or a third party or processing necessary for the performance of a task carried out in the public interest or in the exercise of public power. Your personal data is not further processed, if nepreuk\u00e1\u017eeme that our legitimate interests prevail over your rights or interests. Also, you have the right to object to the processing of personal data concerning you for the purpose of direct marketing, including profiling to the extent that is related to direct marketing. If you object to the processing of personal data for the purpose of direct marketing, we must not further your personal data for the purpose of direct marketing process.<\/span><\/p><p><span style=\"font-weight: 400;\">If you choose to apply to us any of the above rights, you can do so at the below mentioned contacts. We rst validate that it&#039;s really you, t.j. we may ask you to prove your identity.<\/span><\/p><p><span style=\"font-weight: 400;\">At your request we will respond within one month of its receipt. This period may extend, in justified cases, taking into account the complexity and number of requests, about two months, and even repeatedly. Of any such extension and the reasons for the we will inform you. At Your request, we will respond in the same form in which it was filed, if we ask you to provide certain information by other means.<\/span><\/p>\t\t\t\t\t\t\t\t<\/div>\n\t\t\t\t<\/div>\n\t\t\t\t\t<\/div>\n\t\t\t\t<\/div>\n\t\t\t\t<\/div>","protected":false},"excerpt":{"rendered":"<p>S\u00daHLAS SO SPRACOVAN\u00cdM OSOBN\u00ddCH \u00daDAJOV S\u00fahlas so spracovan\u00edm osobn\u00fdch \u00fadajov (\u010falej len \u201eS\u00fahlas\u201c): S\u00fahlas\u00edm so spracovan\u00edm svojich osobn\u00fdch \u00fadajov spolo\u010dnos\u0165ou Fishbone s.r.o. (I\u010cO 54128765) email: info@okoboro.com v zmysle Nariadenia Eur\u00f3pskeho parlamentu a Rady E\u00da 2016\/679 (GDPR). Spolo\u010dnos\u0165 opr\u00e1v\u0148ujem spracova\u0165 svoje osobn\u00e9 \u00fadaje v rozsahu: meno a priezvisko, titul, e-mail a telef\u00f3nne \u010d\u00edslo za \u00fa\u010delom vz\u00e1jomnej [&hellip;]<\/p>\n","protected":false},"author":1,"featured_media":0,"parent":0,"menu_order":0,"comment_status":"closed","ping_status":"closed","template":"","meta":{"_acf_changed":false,"footnotes":""},"class_list":["post-3","page","type-page","status-publish","hentry"],"acf":[],"yoast_head":"<!-- This site is optimized with the Yoast SEO plugin v27.3 - https:\/\/yoast.com\/product\/yoast-seo-wordpress\/ -->\n<title>Ochrana osobn\u00fdch \u00fadajov - okoboro<\/title>\n<meta name=\"robots\" content=\"index, follow, max-snippet:-1, max-image-preview:large, max-video-preview:-1\" \/>\n<link rel=\"canonical\" href=\"https:\/\/okoboro.com\/en\/ochrana-osobnych-udajov\/\" \/>\n<meta property=\"og:locale\" content=\"en_US\" \/>\n<meta property=\"og:type\" content=\"article\" \/>\n<meta property=\"og:title\" content=\"Ochrana osobn\u00fdch \u00fadajov - okoboro\" \/>\n<meta property=\"og:description\" content=\"S\u00daHLAS SO SPRACOVAN\u00cdM OSOBN\u00ddCH \u00daDAJOV S\u00fahlas so spracovan\u00edm osobn\u00fdch \u00fadajov (\u010falej len \u201eS\u00fahlas\u201c): S\u00fahlas\u00edm so spracovan\u00edm svojich osobn\u00fdch \u00fadajov spolo\u010dnos\u0165ou Fishbone s.r.o. (I\u010cO 54128765) email: info@okoboro.com v zmysle Nariadenia Eur\u00f3pskeho parlamentu a Rady E\u00da 2016\/679 (GDPR). Spolo\u010dnos\u0165 opr\u00e1v\u0148ujem spracova\u0165 svoje osobn\u00e9 \u00fadaje v rozsahu: meno a priezvisko, titul, e-mail a telef\u00f3nne \u010d\u00edslo za \u00fa\u010delom vz\u00e1jomnej [&hellip;]\" \/>\n<meta property=\"og:url\" content=\"https:\/\/okoboro.com\/en\/ochrana-osobnych-udajov\/\" \/>\n<meta property=\"og:site_name\" content=\"okoboro\" \/>\n<meta property=\"article:modified_time\" content=\"2025-07-14T15:10:12+00:00\" \/>\n<meta name=\"twitter:card\" content=\"summary_large_image\" \/>\n<meta name=\"twitter:label1\" content=\"Est. reading time\" \/>\n\t<meta name=\"twitter:data1\" content=\"4 minutes\" \/>\n<script type=\"application\/ld+json\" class=\"yoast-schema-graph\">{\"@context\":\"https:\\\/\\\/schema.org\",\"@graph\":[{\"@type\":\"WebPage\",\"@id\":\"https:\\\/\\\/okoboro.com\\\/ochrana-osobnych-udajov\\\/\",\"url\":\"https:\\\/\\\/okoboro.com\\\/ochrana-osobnych-udajov\\\/\",\"name\":\"Ochrana osobn\u00fdch \u00fadajov - okoboro\",\"isPartOf\":{\"@id\":\"https:\\\/\\\/okoboro.com\\\/#website\"},\"datePublished\":\"2025-05-20T19:27:08+00:00\",\"dateModified\":\"2025-07-14T15:10:12+00:00\",\"breadcrumb\":{\"@id\":\"https:\\\/\\\/okoboro.com\\\/ochrana-osobnych-udajov\\\/#breadcrumb\"},\"inLanguage\":\"en-US\",\"potentialAction\":[{\"@type\":\"ReadAction\",\"target\":[\"https:\\\/\\\/okoboro.com\\\/ochrana-osobnych-udajov\\\/\"]}]},{\"@type\":\"BreadcrumbList\",\"@id\":\"https:\\\/\\\/okoboro.com\\\/ochrana-osobnych-udajov\\\/#breadcrumb\",\"itemListElement\":[{\"@type\":\"ListItem\",\"position\":1,\"name\":\"Domovsk\u00e1 str\u00e1nka\",\"item\":\"https:\\\/\\\/okoboro.com\\\/\"},{\"@type\":\"ListItem\",\"position\":2,\"name\":\"Ochrana osobn\u00fdch \u00fadajov\"}]},{\"@type\":\"WebSite\",\"@id\":\"https:\\\/\\\/okoboro.com\\\/#website\",\"url\":\"https:\\\/\\\/okoboro.com\\\/\",\"name\":\"okoboro\",\"description\":\"\",\"publisher\":{\"@id\":\"https:\\\/\\\/okoboro.com\\\/#organization\"},\"potentialAction\":[{\"@type\":\"SearchAction\",\"target\":{\"@type\":\"EntryPoint\",\"urlTemplate\":\"https:\\\/\\\/okoboro.com\\\/?s={search_term_string}\"},\"query-input\":{\"@type\":\"PropertyValueSpecification\",\"valueRequired\":true,\"valueName\":\"search_term_string\"}}],\"inLanguage\":\"en-US\"},{\"@type\":\"Organization\",\"@id\":\"https:\\\/\\\/okoboro.com\\\/#organization\",\"name\":\"okoboro\",\"url\":\"https:\\\/\\\/okoboro.com\\\/\",\"logo\":{\"@type\":\"ImageObject\",\"inLanguage\":\"en-US\",\"@id\":\"https:\\\/\\\/okoboro.com\\\/#\\\/schema\\\/logo\\\/image\\\/\",\"url\":\"https:\\\/\\\/okoboro.com\\\/wp-content\\\/uploads\\\/2025\\\/06\\\/Layer_1-1.png\",\"contentUrl\":\"https:\\\/\\\/okoboro.com\\\/wp-content\\\/uploads\\\/2025\\\/06\\\/Layer_1-1.png\",\"width\":128,\"height\":90,\"caption\":\"okoboro\"},\"image\":{\"@id\":\"https:\\\/\\\/okoboro.com\\\/#\\\/schema\\\/logo\\\/image\\\/\"},\"sameAs\":[\"https:\\\/\\\/www.linkedin.com\\\/company\\\/viktor-kosticky\\\/?viewAsMember=true\",\"https:\\\/\\\/www.youtube.com\\\/channel\\\/UCr5_biRPE-LzsfWTeMWMNYA\"]}]}<\/script>\n<!-- \/ Yoast SEO plugin. -->","yoast_head_json":{"title":"Ochrana osobn\u00fdch \u00fadajov - okoboro","robots":{"index":"index","follow":"follow","max-snippet":"max-snippet:-1","max-image-preview":"max-image-preview:large","max-video-preview":"max-video-preview:-1"},"canonical":"https:\/\/okoboro.com\/en\/ochrana-osobnych-udajov\/","og_locale":"en_US","og_type":"article","og_title":"Ochrana osobn\u00fdch \u00fadajov - okoboro","og_description":"S\u00daHLAS SO SPRACOVAN\u00cdM OSOBN\u00ddCH \u00daDAJOV S\u00fahlas so spracovan\u00edm osobn\u00fdch \u00fadajov (\u010falej len \u201eS\u00fahlas\u201c): S\u00fahlas\u00edm so spracovan\u00edm svojich osobn\u00fdch \u00fadajov spolo\u010dnos\u0165ou Fishbone s.r.o. (I\u010cO 54128765) email: info@okoboro.com v zmysle Nariadenia Eur\u00f3pskeho parlamentu a Rady E\u00da 2016\/679 (GDPR). Spolo\u010dnos\u0165 opr\u00e1v\u0148ujem spracova\u0165 svoje osobn\u00e9 \u00fadaje v rozsahu: meno a priezvisko, titul, e-mail a telef\u00f3nne \u010d\u00edslo za \u00fa\u010delom vz\u00e1jomnej [&hellip;]","og_url":"https:\/\/okoboro.com\/en\/ochrana-osobnych-udajov\/","og_site_name":"okoboro","article_modified_time":"2025-07-14T15:10:12+00:00","twitter_card":"summary_large_image","twitter_misc":{"Est. reading time":"4 minutes"},"schema":{"@context":"https:\/\/schema.org","@graph":[{"@type":"WebPage","@id":"https:\/\/okoboro.com\/ochrana-osobnych-udajov\/","url":"https:\/\/okoboro.com\/ochrana-osobnych-udajov\/","name":"Ochrana osobn\u00fdch \u00fadajov - okoboro","isPartOf":{"@id":"https:\/\/okoboro.com\/#website"},"datePublished":"2025-05-20T19:27:08+00:00","dateModified":"2025-07-14T15:10:12+00:00","breadcrumb":{"@id":"https:\/\/okoboro.com\/ochrana-osobnych-udajov\/#breadcrumb"},"inLanguage":"en-US","potentialAction":[{"@type":"ReadAction","target":["https:\/\/okoboro.com\/ochrana-osobnych-udajov\/"]}]},{"@type":"BreadcrumbList","@id":"https:\/\/okoboro.com\/ochrana-osobnych-udajov\/#breadcrumb","itemListElement":[{"@type":"ListItem","position":1,"name":"Domovsk\u00e1 str\u00e1nka","item":"https:\/\/okoboro.com\/"},{"@type":"ListItem","position":2,"name":"Ochrana osobn\u00fdch \u00fadajov"}]},{"@type":"WebSite","@id":"https:\/\/okoboro.com\/#website","url":"https:\/\/okoboro.com\/","name":"okoboro","description":"","publisher":{"@id":"https:\/\/okoboro.com\/#organization"},"potentialAction":[{"@type":"SearchAction","target":{"@type":"EntryPoint","urlTemplate":"https:\/\/okoboro.com\/?s={search_term_string}"},"query-input":{"@type":"PropertyValueSpecification","valueRequired":true,"valueName":"search_term_string"}}],"inLanguage":"en-US"},{"@type":"Organization","@id":"https:\/\/okoboro.com\/#organization","name":"okoboro","url":"https:\/\/okoboro.com\/","logo":{"@type":"ImageObject","inLanguage":"en-US","@id":"https:\/\/okoboro.com\/#\/schema\/logo\/image\/","url":"https:\/\/okoboro.com\/wp-content\/uploads\/2025\/06\/Layer_1-1.png","contentUrl":"https:\/\/okoboro.com\/wp-content\/uploads\/2025\/06\/Layer_1-1.png","width":128,"height":90,"caption":"okoboro"},"image":{"@id":"https:\/\/okoboro.com\/#\/schema\/logo\/image\/"},"sameAs":["https:\/\/www.linkedin.com\/company\/viktor-kosticky\/?viewAsMember=true","https:\/\/www.youtube.com\/channel\/UCr5_biRPE-LzsfWTeMWMNYA"]}]}},"_links":{"self":[{"href":"https:\/\/okoboro.com\/en\/wp-json\/wp\/v2\/pages\/3","targetHints":{"allow":["GET"]}}],"collection":[{"href":"https:\/\/okoboro.com\/en\/wp-json\/wp\/v2\/pages"}],"about":[{"href":"https:\/\/okoboro.com\/en\/wp-json\/wp\/v2\/types\/page"}],"author":[{"embeddable":true,"href":"https:\/\/okoboro.com\/en\/wp-json\/wp\/v2\/users\/1"}],"replies":[{"embeddable":true,"href":"https:\/\/okoboro.com\/en\/wp-json\/wp\/v2\/comments?post=3"}],"version-history":[{"count":7,"href":"https:\/\/okoboro.com\/en\/wp-json\/wp\/v2\/pages\/3\/revisions"}],"predecessor-version":[{"id":1951,"href":"https:\/\/okoboro.com\/en\/wp-json\/wp\/v2\/pages\/3\/revisions\/1951"}],"wp:attachment":[{"href":"https:\/\/okoboro.com\/en\/wp-json\/wp\/v2\/media?parent=3"}],"curies":[{"name":"wp","href":"https:\/\/api.w.org\/{rel}","templated":true}]}}