{"id":2675,"date":"2026-03-17T06:32:11","date_gmt":"2026-03-17T04:32:11","guid":{"rendered":"https:\/\/okoboro.com\/?post_type=product&#038;p=2675"},"modified":"2026-04-17T14:46:11","modified_gmt":"2026-04-17T12:46:11","slug":"klub-akvizicie","status":"publish","type":"product","link":"https:\/\/okoboro.com\/en\/kurz\/klub-akvizicie\/","title":{"rendered":"Klub akviz\u00edcie"},"content":{"rendered":"","protected":false},"excerpt":{"rendered":"","protected":false},"featured_media":2676,"template":"","meta":{"_acf_changed":false},"product_brand":[],"product_cat":[36],"product_tag":[],"class_list":{"0":"post-2675","1":"product","2":"type-product","3":"status-publish","4":"has-post-thumbnail","6":"product_cat-verejne-treningy","8":"first","9":"outofstock","10":"taxable","11":"shipping-taxable","12":"purchasable","13":"product-type-simple"},"acf":[],"yoast_head":"<!-- This site is optimized with the Yoast SEO plugin v27.3 - https:\/\/yoast.com\/product\/yoast-seo-wordpress\/ -->\n<title>Klub akviz\u00edcie - okoboro<\/title>\n<meta name=\"description\" content=\"Pravideln\u00e9 tr\u00e9novanie kvalitn\u00e9ho oslovenia nov\u00fdch z\u00e1kazn\u00edkov, ako zauja\u0165 hne\u010f na prv\u00fd moment. Dobre uroben\u00fd mail, telefon\u00e1t, follow-up. 7 krokov akviz\u00edcie.\" \/>\n<meta name=\"robots\" content=\"index, follow, max-snippet:-1, max-image-preview:large, max-video-preview:-1\" \/>\n<link rel=\"canonical\" href=\"https:\/\/okoboro.com\/en\/kurz\/klub-akvizicie\/\" \/>\n<meta property=\"og:locale\" content=\"en_US\" \/>\n<meta property=\"og:type\" content=\"article\" \/>\n<meta property=\"og:title\" content=\"Klub akviz\u00edcie - okoboro\" \/>\n<meta property=\"og:description\" content=\"Pravideln\u00e9 tr\u00e9novanie kvalitn\u00e9ho oslovenia nov\u00fdch z\u00e1kazn\u00edkov, ako zauja\u0165 hne\u010f na prv\u00fd moment. Dobre uroben\u00fd mail, telefon\u00e1t, follow-up. 7 krokov akviz\u00edcie.\" \/>\n<meta property=\"og:url\" content=\"https:\/\/okoboro.com\/en\/kurz\/klub-akvizicie\/\" \/>\n<meta property=\"og:site_name\" content=\"okoboro\" \/>\n<meta property=\"article:modified_time\" content=\"2026-04-17T12:46:11+00:00\" \/>\n<meta property=\"og:image\" content=\"https:\/\/okoboro.com\/wp-content\/uploads\/2026\/03\/LV-61578-scaled-e1773724033909.jpg\" \/>\n\t<meta property=\"og:image:width\" content=\"1707\" \/>\n\t<meta property=\"og:image:height\" content=\"1978\" \/>\n\t<meta property=\"og:image:type\" content=\"image\/jpeg\" \/>\n<meta name=\"twitter:card\" content=\"summary_large_image\" \/>\n<meta name=\"twitter:label1\" content=\"Est. reading time\" \/>\n\t<meta name=\"twitter:data1\" content=\"1 minute\" \/>\n<script type=\"application\/ld+json\" class=\"yoast-schema-graph\">{\"@context\":\"https:\\\/\\\/schema.org\",\"@graph\":[{\"@type\":\"WebPage\",\"@id\":\"https:\\\/\\\/okoboro.com\\\/kurz\\\/klub-akvizicie\\\/\",\"url\":\"https:\\\/\\\/okoboro.com\\\/kurz\\\/klub-akvizicie\\\/\",\"name\":\"Klub akviz\u00edcie - okoboro\",\"isPartOf\":{\"@id\":\"https:\\\/\\\/okoboro.com\\\/#website\"},\"primaryImageOfPage\":{\"@id\":\"https:\\\/\\\/okoboro.com\\\/kurz\\\/klub-akvizicie\\\/#primaryimage\"},\"image\":{\"@id\":\"https:\\\/\\\/okoboro.com\\\/kurz\\\/klub-akvizicie\\\/#primaryimage\"},\"thumbnailUrl\":\"https:\\\/\\\/okoboro.com\\\/wp-content\\\/uploads\\\/2026\\\/03\\\/LV-61578-scaled-e1773724033909.jpg\",\"datePublished\":\"2026-03-17T04:32:11+00:00\",\"dateModified\":\"2026-04-17T12:46:11+00:00\",\"description\":\"Pravideln\u00e9 tr\u00e9novanie kvalitn\u00e9ho oslovenia nov\u00fdch z\u00e1kazn\u00edkov, ako zauja\u0165 hne\u010f na prv\u00fd moment. Dobre uroben\u00fd mail, telefon\u00e1t, follow-up. 7 krokov akviz\u00edcie.\",\"breadcrumb\":{\"@id\":\"https:\\\/\\\/okoboro.com\\\/kurz\\\/klub-akvizicie\\\/#breadcrumb\"},\"inLanguage\":\"en-US\",\"potentialAction\":[{\"@type\":\"ReadAction\",\"target\":[\"https:\\\/\\\/okoboro.com\\\/kurz\\\/klub-akvizicie\\\/\"]}]},{\"@type\":\"ImageObject\",\"inLanguage\":\"en-US\",\"@id\":\"https:\\\/\\\/okoboro.com\\\/kurz\\\/klub-akvizicie\\\/#primaryimage\",\"url\":\"https:\\\/\\\/okoboro.com\\\/wp-content\\\/uploads\\\/2026\\\/03\\\/LV-61578-scaled-e1773724033909.jpg\",\"contentUrl\":\"https:\\\/\\\/okoboro.com\\\/wp-content\\\/uploads\\\/2026\\\/03\\\/LV-61578-scaled-e1773724033909.jpg\",\"width\":1707,\"height\":1978},{\"@type\":\"BreadcrumbList\",\"@id\":\"https:\\\/\\\/okoboro.com\\\/kurz\\\/klub-akvizicie\\\/#breadcrumb\",\"itemListElement\":[{\"@type\":\"ListItem\",\"position\":1,\"name\":\"Domovsk\u00e1 str\u00e1nka\",\"item\":\"https:\\\/\\\/okoboro.com\\\/\"},{\"@type\":\"ListItem\",\"position\":2,\"name\":\"Produkty\",\"item\":\"https:\\\/\\\/okoboro.com\\\/shop\\\/\"},{\"@type\":\"ListItem\",\"position\":3,\"name\":\"Klub akviz\u00edcie\"}]},{\"@type\":\"WebSite\",\"@id\":\"https:\\\/\\\/okoboro.com\\\/#website\",\"url\":\"https:\\\/\\\/okoboro.com\\\/\",\"name\":\"okoboro\",\"description\":\"\",\"publisher\":{\"@id\":\"https:\\\/\\\/okoboro.com\\\/#organization\"},\"potentialAction\":[{\"@type\":\"SearchAction\",\"target\":{\"@type\":\"EntryPoint\",\"urlTemplate\":\"https:\\\/\\\/okoboro.com\\\/?s={search_term_string}\"},\"query-input\":{\"@type\":\"PropertyValueSpecification\",\"valueRequired\":true,\"valueName\":\"search_term_string\"}}],\"inLanguage\":\"en-US\"},{\"@type\":\"Organization\",\"@id\":\"https:\\\/\\\/okoboro.com\\\/#organization\",\"name\":\"okoboro\",\"url\":\"https:\\\/\\\/okoboro.com\\\/\",\"logo\":{\"@type\":\"ImageObject\",\"inLanguage\":\"en-US\",\"@id\":\"https:\\\/\\\/okoboro.com\\\/#\\\/schema\\\/logo\\\/image\\\/\",\"url\":\"https:\\\/\\\/okoboro.com\\\/wp-content\\\/uploads\\\/2025\\\/06\\\/Layer_1-1.png\",\"contentUrl\":\"https:\\\/\\\/okoboro.com\\\/wp-content\\\/uploads\\\/2025\\\/06\\\/Layer_1-1.png\",\"width\":128,\"height\":90,\"caption\":\"okoboro\"},\"image\":{\"@id\":\"https:\\\/\\\/okoboro.com\\\/#\\\/schema\\\/logo\\\/image\\\/\"},\"sameAs\":[\"https:\\\/\\\/www.linkedin.com\\\/company\\\/viktor-kosticky\\\/?viewAsMember=true\",\"https:\\\/\\\/www.youtube.com\\\/channel\\\/UCr5_biRPE-LzsfWTeMWMNYA\"]}]}<\/script>\n<!-- \/ Yoast SEO plugin. -->","yoast_head_json":{"title":"Klub akviz\u00edcie - okoboro","description":"Pravideln\u00e9 tr\u00e9novanie kvalitn\u00e9ho oslovenia nov\u00fdch z\u00e1kazn\u00edkov, ako zauja\u0165 hne\u010f na prv\u00fd moment. Dobre uroben\u00fd mail, telefon\u00e1t, follow-up. 7 krokov akviz\u00edcie.","robots":{"index":"index","follow":"follow","max-snippet":"max-snippet:-1","max-image-preview":"max-image-preview:large","max-video-preview":"max-video-preview:-1"},"canonical":"https:\/\/okoboro.com\/en\/kurz\/klub-akvizicie\/","og_locale":"en_US","og_type":"article","og_title":"Klub akviz\u00edcie - okoboro","og_description":"Pravideln\u00e9 tr\u00e9novanie kvalitn\u00e9ho oslovenia nov\u00fdch z\u00e1kazn\u00edkov, ako zauja\u0165 hne\u010f na prv\u00fd moment. Dobre uroben\u00fd mail, telefon\u00e1t, follow-up. 7 krokov akviz\u00edcie.","og_url":"https:\/\/okoboro.com\/en\/kurz\/klub-akvizicie\/","og_site_name":"okoboro","article_modified_time":"2026-04-17T12:46:11+00:00","og_image":[{"width":1707,"height":1978,"url":"https:\/\/okoboro.com\/wp-content\/uploads\/2026\/03\/LV-61578-scaled-e1773724033909.jpg","type":"image\/jpeg"}],"twitter_card":"summary_large_image","twitter_misc":{"Est. reading time":"1 minute"},"schema":{"@context":"https:\/\/schema.org","@graph":[{"@type":"WebPage","@id":"https:\/\/okoboro.com\/kurz\/klub-akvizicie\/","url":"https:\/\/okoboro.com\/kurz\/klub-akvizicie\/","name":"Klub akviz\u00edcie - okoboro","isPartOf":{"@id":"https:\/\/okoboro.com\/#website"},"primaryImageOfPage":{"@id":"https:\/\/okoboro.com\/kurz\/klub-akvizicie\/#primaryimage"},"image":{"@id":"https:\/\/okoboro.com\/kurz\/klub-akvizicie\/#primaryimage"},"thumbnailUrl":"https:\/\/okoboro.com\/wp-content\/uploads\/2026\/03\/LV-61578-scaled-e1773724033909.jpg","datePublished":"2026-03-17T04:32:11+00:00","dateModified":"2026-04-17T12:46:11+00:00","description":"Pravideln\u00e9 tr\u00e9novanie kvalitn\u00e9ho oslovenia nov\u00fdch z\u00e1kazn\u00edkov, ako zauja\u0165 hne\u010f na prv\u00fd moment. Dobre uroben\u00fd mail, telefon\u00e1t, follow-up. 7 krokov akviz\u00edcie.","breadcrumb":{"@id":"https:\/\/okoboro.com\/kurz\/klub-akvizicie\/#breadcrumb"},"inLanguage":"en-US","potentialAction":[{"@type":"ReadAction","target":["https:\/\/okoboro.com\/kurz\/klub-akvizicie\/"]}]},{"@type":"ImageObject","inLanguage":"en-US","@id":"https:\/\/okoboro.com\/kurz\/klub-akvizicie\/#primaryimage","url":"https:\/\/okoboro.com\/wp-content\/uploads\/2026\/03\/LV-61578-scaled-e1773724033909.jpg","contentUrl":"https:\/\/okoboro.com\/wp-content\/uploads\/2026\/03\/LV-61578-scaled-e1773724033909.jpg","width":1707,"height":1978},{"@type":"BreadcrumbList","@id":"https:\/\/okoboro.com\/kurz\/klub-akvizicie\/#breadcrumb","itemListElement":[{"@type":"ListItem","position":1,"name":"Domovsk\u00e1 str\u00e1nka","item":"https:\/\/okoboro.com\/"},{"@type":"ListItem","position":2,"name":"Produkty","item":"https:\/\/okoboro.com\/shop\/"},{"@type":"ListItem","position":3,"name":"Klub akviz\u00edcie"}]},{"@type":"WebSite","@id":"https:\/\/okoboro.com\/#website","url":"https:\/\/okoboro.com\/","name":"okoboro","description":"","publisher":{"@id":"https:\/\/okoboro.com\/#organization"},"potentialAction":[{"@type":"SearchAction","target":{"@type":"EntryPoint","urlTemplate":"https:\/\/okoboro.com\/?s={search_term_string}"},"query-input":{"@type":"PropertyValueSpecification","valueRequired":true,"valueName":"search_term_string"}}],"inLanguage":"en-US"},{"@type":"Organization","@id":"https:\/\/okoboro.com\/#organization","name":"okoboro","url":"https:\/\/okoboro.com\/","logo":{"@type":"ImageObject","inLanguage":"en-US","@id":"https:\/\/okoboro.com\/#\/schema\/logo\/image\/","url":"https:\/\/okoboro.com\/wp-content\/uploads\/2025\/06\/Layer_1-1.png","contentUrl":"https:\/\/okoboro.com\/wp-content\/uploads\/2025\/06\/Layer_1-1.png","width":128,"height":90,"caption":"okoboro"},"image":{"@id":"https:\/\/okoboro.com\/#\/schema\/logo\/image\/"},"sameAs":["https:\/\/www.linkedin.com\/company\/viktor-kosticky\/?viewAsMember=true","https:\/\/www.youtube.com\/channel\/UCr5_biRPE-LzsfWTeMWMNYA"]}]}},"_links":{"self":[{"href":"https:\/\/okoboro.com\/en\/wp-json\/wp\/v2\/product\/2675","targetHints":{"allow":["GET"]}}],"collection":[{"href":"https:\/\/okoboro.com\/en\/wp-json\/wp\/v2\/product"}],"about":[{"href":"https:\/\/okoboro.com\/en\/wp-json\/wp\/v2\/types\/product"}],"wp:featuredmedia":[{"embeddable":true,"href":"https:\/\/okoboro.com\/en\/wp-json\/wp\/v2\/media\/2676"}],"wp:attachment":[{"href":"https:\/\/okoboro.com\/en\/wp-json\/wp\/v2\/media?parent=2675"}],"wp:term":[{"taxonomy":"product_brand","embeddable":true,"href":"https:\/\/okoboro.com\/en\/wp-json\/wp\/v2\/product_brand?post=2675"},{"taxonomy":"product_cat","embeddable":true,"href":"https:\/\/okoboro.com\/en\/wp-json\/wp\/v2\/product_cat?post=2675"},{"taxonomy":"product_tag","embeddable":true,"href":"https:\/\/okoboro.com\/en\/wp-json\/wp\/v2\/product_tag?post=2675"}],"curies":[{"name":"wp","href":"https:\/\/api.w.org\/{rel}","templated":true}]}}