{"id":757,"date":"2025-05-24T14:19:29","date_gmt":"2025-05-24T14:19:29","guid":{"rendered":"http:\/\/okoboro.com\/?post_type=product&#038;p=757"},"modified":"2026-04-14T17:14:21","modified_gmt":"2026-04-14T15:14:21","slug":"elitny-trening-vyjednavania","status":"publish","type":"product","link":"https:\/\/okoboro.com\/en\/kurz\/elitny-trening-vyjednavania\/","title":{"rendered":"Elitn\u00fd tr\u00e9ning vyjedn\u00e1vania"},"content":{"rendered":"","protected":false},"excerpt":{"rendered":"","protected":false},"featured_media":1226,"template":"","meta":{"_acf_changed":false},"product_brand":[],"product_cat":[36],"product_tag":[],"class_list":{"0":"post-757","1":"product","2":"type-product","3":"status-publish","4":"has-post-thumbnail","6":"product_cat-verejne-treningy","8":"first","9":"instock","10":"taxable","11":"shipping-taxable","12":"purchasable","13":"product-type-simple"},"acf":[],"yoast_head":"<!-- This site is optimized with the Yoast SEO plugin v27.3 - https:\/\/yoast.com\/product\/yoast-seo-wordpress\/ -->\n<title>Elitn\u00fd tr\u00e9ning vyjedn\u00e1vania - okoboro<\/title>\n<meta name=\"description\" content=\"N\u00e1\u0161 hlavn\u00fd elitn\u00fd tr\u00e9ning vyjedn\u00e1vania o ktorom koluj\u00fa priam \u201elegendy\u201c. Tr\u00e9ning prebieha va\u0161imi vyjedn\u00e1vaniami s nami. Va\u0161imi konkr\u00e9tnymi situ\u00e1ciami. My vyjedn\u00e1vame s vami ako protistrana, alebo ukazujeme, \u010do by sme na va\u0161om mieste robili. Tieto vyjedn\u00e1vacie situ\u00e1cie si spolo\u010dne analyzujeme, poskytujeme na\u0161e n\u00e1zory a do toho postupne prid\u00e1van\u00edm komplexity vysvet\u013eujem vyjedn\u00e1vacie princ\u00edpy a techniky, ktor\u00e9 do toho zap\u00e1jame.\" \/>\n<meta name=\"robots\" content=\"index, follow, max-snippet:-1, max-image-preview:large, max-video-preview:-1\" \/>\n<link rel=\"canonical\" href=\"https:\/\/okoboro.com\/en\/kurz\/elitny-trening-vyjednavania\/\" \/>\n<meta property=\"og:locale\" content=\"en_US\" \/>\n<meta property=\"og:type\" content=\"article\" \/>\n<meta property=\"og:title\" content=\"Elitn\u00fd tr\u00e9ning vyjedn\u00e1vania - okoboro\" \/>\n<meta property=\"og:description\" content=\"N\u00e1\u0161 hlavn\u00fd elitn\u00fd tr\u00e9ning vyjedn\u00e1vania o ktorom koluj\u00fa priam \u201elegendy\u201c. Tr\u00e9ning prebieha va\u0161imi vyjedn\u00e1vaniami s nami. Va\u0161imi konkr\u00e9tnymi situ\u00e1ciami. My vyjedn\u00e1vame s vami ako protistrana, alebo ukazujeme, \u010do by sme na va\u0161om mieste robili. Tieto vyjedn\u00e1vacie situ\u00e1cie si spolo\u010dne analyzujeme, poskytujeme na\u0161e n\u00e1zory a do toho postupne prid\u00e1van\u00edm komplexity vysvet\u013eujem vyjedn\u00e1vacie princ\u00edpy a techniky, ktor\u00e9 do toho zap\u00e1jame.\" \/>\n<meta property=\"og:url\" content=\"https:\/\/okoboro.com\/en\/kurz\/elitny-trening-vyjednavania\/\" \/>\n<meta property=\"og:site_name\" content=\"okoboro\" \/>\n<meta property=\"article:modified_time\" content=\"2026-04-14T15:14:21+00:00\" \/>\n<meta property=\"og:image\" content=\"https:\/\/okoboro.com\/wp-content\/uploads\/2025\/05\/Foto\u00a9LenkaKandrava2-scaled.jpg\" \/>\n\t<meta property=\"og:image:width\" content=\"2560\" \/>\n\t<meta property=\"og:image:height\" content=\"1707\" \/>\n\t<meta property=\"og:image:type\" content=\"image\/jpeg\" \/>\n<meta name=\"twitter:card\" content=\"summary_large_image\" \/>\n<meta name=\"twitter:label1\" content=\"Est. reading time\" \/>\n\t<meta name=\"twitter:data1\" content=\"1 minute\" \/>\n<script type=\"application\/ld+json\" class=\"yoast-schema-graph\">{\"@context\":\"https:\\\/\\\/schema.org\",\"@graph\":[{\"@type\":\"WebPage\",\"@id\":\"https:\\\/\\\/okoboro.com\\\/kurz\\\/elitny-trening-vyjednavania\\\/\",\"url\":\"https:\\\/\\\/okoboro.com\\\/kurz\\\/elitny-trening-vyjednavania\\\/\",\"name\":\"Elitn\u00fd tr\u00e9ning vyjedn\u00e1vania - okoboro\",\"isPartOf\":{\"@id\":\"https:\\\/\\\/okoboro.com\\\/#website\"},\"primaryImageOfPage\":{\"@id\":\"https:\\\/\\\/okoboro.com\\\/kurz\\\/elitny-trening-vyjednavania\\\/#primaryimage\"},\"image\":{\"@id\":\"https:\\\/\\\/okoboro.com\\\/kurz\\\/elitny-trening-vyjednavania\\\/#primaryimage\"},\"thumbnailUrl\":\"https:\\\/\\\/okoboro.com\\\/wp-content\\\/uploads\\\/2025\\\/05\\\/Foto\u00a9LenkaKandrava2-scaled.jpg\",\"datePublished\":\"2025-05-24T14:19:29+00:00\",\"dateModified\":\"2026-04-14T15:14:21+00:00\",\"description\":\"N\u00e1\u0161 hlavn\u00fd elitn\u00fd tr\u00e9ning vyjedn\u00e1vania o ktorom koluj\u00fa priam \u201elegendy\u201c. Tr\u00e9ning prebieha va\u0161imi vyjedn\u00e1vaniami s nami. Va\u0161imi konkr\u00e9tnymi situ\u00e1ciami. My vyjedn\u00e1vame s vami ako protistrana, alebo ukazujeme, \u010do by sme na va\u0161om mieste robili. Tieto vyjedn\u00e1vacie situ\u00e1cie si spolo\u010dne analyzujeme, poskytujeme na\u0161e n\u00e1zory a do toho postupne prid\u00e1van\u00edm komplexity vysvet\u013eujem vyjedn\u00e1vacie princ\u00edpy a techniky, ktor\u00e9 do toho zap\u00e1jame.\",\"breadcrumb\":{\"@id\":\"https:\\\/\\\/okoboro.com\\\/kurz\\\/elitny-trening-vyjednavania\\\/#breadcrumb\"},\"inLanguage\":\"en-US\",\"potentialAction\":[{\"@type\":\"ReadAction\",\"target\":[\"https:\\\/\\\/okoboro.com\\\/kurz\\\/elitny-trening-vyjednavania\\\/\"]}]},{\"@type\":\"ImageObject\",\"inLanguage\":\"en-US\",\"@id\":\"https:\\\/\\\/okoboro.com\\\/kurz\\\/elitny-trening-vyjednavania\\\/#primaryimage\",\"url\":\"https:\\\/\\\/okoboro.com\\\/wp-content\\\/uploads\\\/2025\\\/05\\\/Foto\u00a9LenkaKandrava2-scaled.jpg\",\"contentUrl\":\"https:\\\/\\\/okoboro.com\\\/wp-content\\\/uploads\\\/2025\\\/05\\\/Foto\u00a9LenkaKandrava2-scaled.jpg\",\"width\":2560,\"height\":1707},{\"@type\":\"BreadcrumbList\",\"@id\":\"https:\\\/\\\/okoboro.com\\\/kurz\\\/elitny-trening-vyjednavania\\\/#breadcrumb\",\"itemListElement\":[{\"@type\":\"ListItem\",\"position\":1,\"name\":\"Domovsk\u00e1 str\u00e1nka\",\"item\":\"https:\\\/\\\/okoboro.com\\\/\"},{\"@type\":\"ListItem\",\"position\":2,\"name\":\"Produkty\",\"item\":\"https:\\\/\\\/okoboro.com\\\/shop\\\/\"},{\"@type\":\"ListItem\",\"position\":3,\"name\":\"Elitn\u00fd tr\u00e9ning vyjedn\u00e1vania\"}]},{\"@type\":\"WebSite\",\"@id\":\"https:\\\/\\\/okoboro.com\\\/#website\",\"url\":\"https:\\\/\\\/okoboro.com\\\/\",\"name\":\"okoboro\",\"description\":\"\",\"publisher\":{\"@id\":\"https:\\\/\\\/okoboro.com\\\/#organization\"},\"potentialAction\":[{\"@type\":\"SearchAction\",\"target\":{\"@type\":\"EntryPoint\",\"urlTemplate\":\"https:\\\/\\\/okoboro.com\\\/?s={search_term_string}\"},\"query-input\":{\"@type\":\"PropertyValueSpecification\",\"valueRequired\":true,\"valueName\":\"search_term_string\"}}],\"inLanguage\":\"en-US\"},{\"@type\":\"Organization\",\"@id\":\"https:\\\/\\\/okoboro.com\\\/#organization\",\"name\":\"okoboro\",\"url\":\"https:\\\/\\\/okoboro.com\\\/\",\"logo\":{\"@type\":\"ImageObject\",\"inLanguage\":\"en-US\",\"@id\":\"https:\\\/\\\/okoboro.com\\\/#\\\/schema\\\/logo\\\/image\\\/\",\"url\":\"https:\\\/\\\/okoboro.com\\\/wp-content\\\/uploads\\\/2025\\\/06\\\/Layer_1-1.png\",\"contentUrl\":\"https:\\\/\\\/okoboro.com\\\/wp-content\\\/uploads\\\/2025\\\/06\\\/Layer_1-1.png\",\"width\":128,\"height\":90,\"caption\":\"okoboro\"},\"image\":{\"@id\":\"https:\\\/\\\/okoboro.com\\\/#\\\/schema\\\/logo\\\/image\\\/\"},\"sameAs\":[\"https:\\\/\\\/www.linkedin.com\\\/company\\\/viktor-kosticky\\\/?viewAsMember=true\",\"https:\\\/\\\/www.youtube.com\\\/channel\\\/UCr5_biRPE-LzsfWTeMWMNYA\"]}]}<\/script>\n<!-- \/ Yoast SEO plugin. -->","yoast_head_json":{"title":"Elitn\u00fd tr\u00e9ning vyjedn\u00e1vania - okoboro","description":"N\u00e1\u0161 hlavn\u00fd elitn\u00fd tr\u00e9ning vyjedn\u00e1vania o ktorom koluj\u00fa priam \u201elegendy\u201c. Tr\u00e9ning prebieha va\u0161imi vyjedn\u00e1vaniami s nami. Va\u0161imi konkr\u00e9tnymi situ\u00e1ciami. My vyjedn\u00e1vame s vami ako protistrana, alebo ukazujeme, \u010do by sme na va\u0161om mieste robili. Tieto vyjedn\u00e1vacie situ\u00e1cie si spolo\u010dne analyzujeme, poskytujeme na\u0161e n\u00e1zory a do toho postupne prid\u00e1van\u00edm komplexity vysvet\u013eujem vyjedn\u00e1vacie princ\u00edpy a techniky, ktor\u00e9 do toho zap\u00e1jame.","robots":{"index":"index","follow":"follow","max-snippet":"max-snippet:-1","max-image-preview":"max-image-preview:large","max-video-preview":"max-video-preview:-1"},"canonical":"https:\/\/okoboro.com\/en\/kurz\/elitny-trening-vyjednavania\/","og_locale":"en_US","og_type":"article","og_title":"Elitn\u00fd tr\u00e9ning vyjedn\u00e1vania - okoboro","og_description":"N\u00e1\u0161 hlavn\u00fd elitn\u00fd tr\u00e9ning vyjedn\u00e1vania o ktorom koluj\u00fa priam \u201elegendy\u201c. Tr\u00e9ning prebieha va\u0161imi vyjedn\u00e1vaniami s nami. Va\u0161imi konkr\u00e9tnymi situ\u00e1ciami. My vyjedn\u00e1vame s vami ako protistrana, alebo ukazujeme, \u010do by sme na va\u0161om mieste robili. Tieto vyjedn\u00e1vacie situ\u00e1cie si spolo\u010dne analyzujeme, poskytujeme na\u0161e n\u00e1zory a do toho postupne prid\u00e1van\u00edm komplexity vysvet\u013eujem vyjedn\u00e1vacie princ\u00edpy a techniky, ktor\u00e9 do toho zap\u00e1jame.","og_url":"https:\/\/okoboro.com\/en\/kurz\/elitny-trening-vyjednavania\/","og_site_name":"okoboro","article_modified_time":"2026-04-14T15:14:21+00:00","og_image":[{"width":2560,"height":1707,"url":"https:\/\/okoboro.com\/wp-content\/uploads\/2025\/05\/Foto\u00a9LenkaKandrava2-scaled.jpg","type":"image\/jpeg"}],"twitter_card":"summary_large_image","twitter_misc":{"Est. reading time":"1 minute"},"schema":{"@context":"https:\/\/schema.org","@graph":[{"@type":"WebPage","@id":"https:\/\/okoboro.com\/kurz\/elitny-trening-vyjednavania\/","url":"https:\/\/okoboro.com\/kurz\/elitny-trening-vyjednavania\/","name":"Elitn\u00fd tr\u00e9ning vyjedn\u00e1vania - okoboro","isPartOf":{"@id":"https:\/\/okoboro.com\/#website"},"primaryImageOfPage":{"@id":"https:\/\/okoboro.com\/kurz\/elitny-trening-vyjednavania\/#primaryimage"},"image":{"@id":"https:\/\/okoboro.com\/kurz\/elitny-trening-vyjednavania\/#primaryimage"},"thumbnailUrl":"https:\/\/okoboro.com\/wp-content\/uploads\/2025\/05\/Foto\u00a9LenkaKandrava2-scaled.jpg","datePublished":"2025-05-24T14:19:29+00:00","dateModified":"2026-04-14T15:14:21+00:00","description":"N\u00e1\u0161 hlavn\u00fd elitn\u00fd tr\u00e9ning vyjedn\u00e1vania o ktorom koluj\u00fa priam \u201elegendy\u201c. Tr\u00e9ning prebieha va\u0161imi vyjedn\u00e1vaniami s nami. Va\u0161imi konkr\u00e9tnymi situ\u00e1ciami. My vyjedn\u00e1vame s vami ako protistrana, alebo ukazujeme, \u010do by sme na va\u0161om mieste robili. Tieto vyjedn\u00e1vacie situ\u00e1cie si spolo\u010dne analyzujeme, poskytujeme na\u0161e n\u00e1zory a do toho postupne prid\u00e1van\u00edm komplexity vysvet\u013eujem vyjedn\u00e1vacie princ\u00edpy a techniky, ktor\u00e9 do toho zap\u00e1jame.","breadcrumb":{"@id":"https:\/\/okoboro.com\/kurz\/elitny-trening-vyjednavania\/#breadcrumb"},"inLanguage":"en-US","potentialAction":[{"@type":"ReadAction","target":["https:\/\/okoboro.com\/kurz\/elitny-trening-vyjednavania\/"]}]},{"@type":"ImageObject","inLanguage":"en-US","@id":"https:\/\/okoboro.com\/kurz\/elitny-trening-vyjednavania\/#primaryimage","url":"https:\/\/okoboro.com\/wp-content\/uploads\/2025\/05\/Foto\u00a9LenkaKandrava2-scaled.jpg","contentUrl":"https:\/\/okoboro.com\/wp-content\/uploads\/2025\/05\/Foto\u00a9LenkaKandrava2-scaled.jpg","width":2560,"height":1707},{"@type":"BreadcrumbList","@id":"https:\/\/okoboro.com\/kurz\/elitny-trening-vyjednavania\/#breadcrumb","itemListElement":[{"@type":"ListItem","position":1,"name":"Domovsk\u00e1 str\u00e1nka","item":"https:\/\/okoboro.com\/"},{"@type":"ListItem","position":2,"name":"Produkty","item":"https:\/\/okoboro.com\/shop\/"},{"@type":"ListItem","position":3,"name":"Elitn\u00fd tr\u00e9ning vyjedn\u00e1vania"}]},{"@type":"WebSite","@id":"https:\/\/okoboro.com\/#website","url":"https:\/\/okoboro.com\/","name":"okoboro","description":"","publisher":{"@id":"https:\/\/okoboro.com\/#organization"},"potentialAction":[{"@type":"SearchAction","target":{"@type":"EntryPoint","urlTemplate":"https:\/\/okoboro.com\/?s={search_term_string}"},"query-input":{"@type":"PropertyValueSpecification","valueRequired":true,"valueName":"search_term_string"}}],"inLanguage":"en-US"},{"@type":"Organization","@id":"https:\/\/okoboro.com\/#organization","name":"okoboro","url":"https:\/\/okoboro.com\/","logo":{"@type":"ImageObject","inLanguage":"en-US","@id":"https:\/\/okoboro.com\/#\/schema\/logo\/image\/","url":"https:\/\/okoboro.com\/wp-content\/uploads\/2025\/06\/Layer_1-1.png","contentUrl":"https:\/\/okoboro.com\/wp-content\/uploads\/2025\/06\/Layer_1-1.png","width":128,"height":90,"caption":"okoboro"},"image":{"@id":"https:\/\/okoboro.com\/#\/schema\/logo\/image\/"},"sameAs":["https:\/\/www.linkedin.com\/company\/viktor-kosticky\/?viewAsMember=true","https:\/\/www.youtube.com\/channel\/UCr5_biRPE-LzsfWTeMWMNYA"]}]}},"_links":{"self":[{"href":"https:\/\/okoboro.com\/en\/wp-json\/wp\/v2\/product\/757","targetHints":{"allow":["GET"]}}],"collection":[{"href":"https:\/\/okoboro.com\/en\/wp-json\/wp\/v2\/product"}],"about":[{"href":"https:\/\/okoboro.com\/en\/wp-json\/wp\/v2\/types\/product"}],"wp:featuredmedia":[{"embeddable":true,"href":"https:\/\/okoboro.com\/en\/wp-json\/wp\/v2\/media\/1226"}],"wp:attachment":[{"href":"https:\/\/okoboro.com\/en\/wp-json\/wp\/v2\/media?parent=757"}],"wp:term":[{"taxonomy":"product_brand","embeddable":true,"href":"https:\/\/okoboro.com\/en\/wp-json\/wp\/v2\/product_brand?post=757"},{"taxonomy":"product_cat","embeddable":true,"href":"https:\/\/okoboro.com\/en\/wp-json\/wp\/v2\/product_cat?post=757"},{"taxonomy":"product_tag","embeddable":true,"href":"https:\/\/okoboro.com\/en\/wp-json\/wp\/v2\/product_tag?post=757"}],"curies":[{"name":"wp","href":"https:\/\/api.w.org\/{rel}","templated":true}]}}