{"id":807,"date":"2025-05-24T15:13:11","date_gmt":"2025-05-24T15:13:11","guid":{"rendered":"http:\/\/okoboro.com\/?post_type=product&#038;p=807"},"modified":"2026-03-31T17:04:11","modified_gmt":"2026-03-31T15:04:11","slug":"elitny-trening-vyjednavania-2-0-pokracovanie-pokrocili","status":"publish","type":"product","link":"https:\/\/okoboro.com\/en\/kurz\/elitny-trening-vyjednavania-2-0-pokracovanie-pokrocili\/","title":{"rendered":"Pokro\u010dil\u00ed elitn\u00fd tr\u00e9ning vyjedn\u00e1vania 2.0"},"content":{"rendered":"","protected":false},"excerpt":{"rendered":"","protected":false},"featured_media":2162,"template":"","meta":{"_acf_changed":false},"product_brand":[],"product_cat":[36],"product_tag":[],"class_list":{"0":"post-807","1":"product","2":"type-product","3":"status-publish","4":"has-post-thumbnail","6":"product_cat-verejne-treningy","8":"first","9":"instock","10":"taxable","11":"shipping-taxable","12":"purchasable","13":"product-type-simple"},"acf":[],"yoast_head":"<!-- This site is optimized with the Yoast SEO plugin v27.3 - https:\/\/yoast.com\/product\/yoast-seo-wordpress\/ -->\n<title>Pokro\u010dil\u00ed elitn\u00fd tr\u00e9ning vyjedn\u00e1vania 2.0 - okoboro<\/title>\n<meta name=\"robots\" content=\"index, follow, max-snippet:-1, max-image-preview:large, max-video-preview:-1\" \/>\n<link rel=\"canonical\" href=\"https:\/\/okoboro.com\/en\/kurz\/elitny-trening-vyjednavania-2-0-pokracovanie-pokrocili\/\" \/>\n<meta property=\"og:locale\" content=\"en_US\" \/>\n<meta property=\"og:type\" content=\"article\" \/>\n<meta property=\"og:title\" content=\"Pokro\u010dil\u00ed elitn\u00fd tr\u00e9ning vyjedn\u00e1vania 2.0 - okoboro\" \/>\n<meta property=\"og:url\" content=\"https:\/\/okoboro.com\/en\/kurz\/elitny-trening-vyjednavania-2-0-pokracovanie-pokrocili\/\" \/>\n<meta property=\"og:site_name\" content=\"okoboro\" \/>\n<meta property=\"article:modified_time\" content=\"2026-03-31T15:04:11+00:00\" \/>\n<meta property=\"og:image\" content=\"https:\/\/okoboro.com\/wp-content\/uploads\/2025\/05\/Viktor-Kosticky2.jpg\" \/>\n\t<meta property=\"og:image:width\" content=\"1485\" \/>\n\t<meta property=\"og:image:height\" content=\"990\" \/>\n\t<meta property=\"og:image:type\" content=\"image\/jpeg\" \/>\n<meta name=\"twitter:card\" content=\"summary_large_image\" \/>\n<meta name=\"twitter:label1\" content=\"Est. reading time\" \/>\n\t<meta name=\"twitter:data1\" content=\"1 minute\" \/>\n<script type=\"application\/ld+json\" class=\"yoast-schema-graph\">{\"@context\":\"https:\\\/\\\/schema.org\",\"@graph\":[{\"@type\":\"WebPage\",\"@id\":\"https:\\\/\\\/okoboro.com\\\/kurz\\\/elitny-trening-vyjednavania-2-0-pokracovanie-pokrocili\\\/\",\"url\":\"https:\\\/\\\/okoboro.com\\\/kurz\\\/elitny-trening-vyjednavania-2-0-pokracovanie-pokrocili\\\/\",\"name\":\"Pokro\u010dil\u00ed elitn\u00fd tr\u00e9ning vyjedn\u00e1vania 2.0 - okoboro\",\"isPartOf\":{\"@id\":\"https:\\\/\\\/okoboro.com\\\/#website\"},\"primaryImageOfPage\":{\"@id\":\"https:\\\/\\\/okoboro.com\\\/kurz\\\/elitny-trening-vyjednavania-2-0-pokracovanie-pokrocili\\\/#primaryimage\"},\"image\":{\"@id\":\"https:\\\/\\\/okoboro.com\\\/kurz\\\/elitny-trening-vyjednavania-2-0-pokracovanie-pokrocili\\\/#primaryimage\"},\"thumbnailUrl\":\"https:\\\/\\\/okoboro.com\\\/wp-content\\\/uploads\\\/2025\\\/05\\\/Viktor-Kosticky2.jpg\",\"datePublished\":\"2025-05-24T15:13:11+00:00\",\"dateModified\":\"2026-03-31T15:04:11+00:00\",\"breadcrumb\":{\"@id\":\"https:\\\/\\\/okoboro.com\\\/kurz\\\/elitny-trening-vyjednavania-2-0-pokracovanie-pokrocili\\\/#breadcrumb\"},\"inLanguage\":\"en-US\",\"potentialAction\":[{\"@type\":\"ReadAction\",\"target\":[\"https:\\\/\\\/okoboro.com\\\/kurz\\\/elitny-trening-vyjednavania-2-0-pokracovanie-pokrocili\\\/\"]}]},{\"@type\":\"ImageObject\",\"inLanguage\":\"en-US\",\"@id\":\"https:\\\/\\\/okoboro.com\\\/kurz\\\/elitny-trening-vyjednavania-2-0-pokracovanie-pokrocili\\\/#primaryimage\",\"url\":\"https:\\\/\\\/okoboro.com\\\/wp-content\\\/uploads\\\/2025\\\/05\\\/Viktor-Kosticky2.jpg\",\"contentUrl\":\"https:\\\/\\\/okoboro.com\\\/wp-content\\\/uploads\\\/2025\\\/05\\\/Viktor-Kosticky2.jpg\",\"width\":1485,\"height\":990},{\"@type\":\"BreadcrumbList\",\"@id\":\"https:\\\/\\\/okoboro.com\\\/kurz\\\/elitny-trening-vyjednavania-2-0-pokracovanie-pokrocili\\\/#breadcrumb\",\"itemListElement\":[{\"@type\":\"ListItem\",\"position\":1,\"name\":\"Domovsk\u00e1 str\u00e1nka\",\"item\":\"https:\\\/\\\/okoboro.com\\\/\"},{\"@type\":\"ListItem\",\"position\":2,\"name\":\"Produkty\",\"item\":\"https:\\\/\\\/okoboro.com\\\/shop\\\/\"},{\"@type\":\"ListItem\",\"position\":3,\"name\":\"Pokro\u010dil\u00ed elitn\u00fd tr\u00e9ning vyjedn\u00e1vania 2.0\"}]},{\"@type\":\"WebSite\",\"@id\":\"https:\\\/\\\/okoboro.com\\\/#website\",\"url\":\"https:\\\/\\\/okoboro.com\\\/\",\"name\":\"okoboro\",\"description\":\"\",\"publisher\":{\"@id\":\"https:\\\/\\\/okoboro.com\\\/#organization\"},\"potentialAction\":[{\"@type\":\"SearchAction\",\"target\":{\"@type\":\"EntryPoint\",\"urlTemplate\":\"https:\\\/\\\/okoboro.com\\\/?s={search_term_string}\"},\"query-input\":{\"@type\":\"PropertyValueSpecification\",\"valueRequired\":true,\"valueName\":\"search_term_string\"}}],\"inLanguage\":\"en-US\"},{\"@type\":\"Organization\",\"@id\":\"https:\\\/\\\/okoboro.com\\\/#organization\",\"name\":\"okoboro\",\"url\":\"https:\\\/\\\/okoboro.com\\\/\",\"logo\":{\"@type\":\"ImageObject\",\"inLanguage\":\"en-US\",\"@id\":\"https:\\\/\\\/okoboro.com\\\/#\\\/schema\\\/logo\\\/image\\\/\",\"url\":\"https:\\\/\\\/okoboro.com\\\/wp-content\\\/uploads\\\/2025\\\/06\\\/Layer_1-1.png\",\"contentUrl\":\"https:\\\/\\\/okoboro.com\\\/wp-content\\\/uploads\\\/2025\\\/06\\\/Layer_1-1.png\",\"width\":128,\"height\":90,\"caption\":\"okoboro\"},\"image\":{\"@id\":\"https:\\\/\\\/okoboro.com\\\/#\\\/schema\\\/logo\\\/image\\\/\"},\"sameAs\":[\"https:\\\/\\\/www.linkedin.com\\\/company\\\/viktor-kosticky\\\/?viewAsMember=true\",\"https:\\\/\\\/www.youtube.com\\\/channel\\\/UCr5_biRPE-LzsfWTeMWMNYA\"]}]}<\/script>\n<!-- \/ Yoast SEO plugin. -->","yoast_head_json":{"title":"Pokro\u010dil\u00ed elitn\u00fd tr\u00e9ning vyjedn\u00e1vania 2.0 - okoboro","robots":{"index":"index","follow":"follow","max-snippet":"max-snippet:-1","max-image-preview":"max-image-preview:large","max-video-preview":"max-video-preview:-1"},"canonical":"https:\/\/okoboro.com\/en\/kurz\/elitny-trening-vyjednavania-2-0-pokracovanie-pokrocili\/","og_locale":"en_US","og_type":"article","og_title":"Pokro\u010dil\u00ed elitn\u00fd tr\u00e9ning vyjedn\u00e1vania 2.0 - okoboro","og_url":"https:\/\/okoboro.com\/en\/kurz\/elitny-trening-vyjednavania-2-0-pokracovanie-pokrocili\/","og_site_name":"okoboro","article_modified_time":"2026-03-31T15:04:11+00:00","og_image":[{"width":1485,"height":990,"url":"https:\/\/okoboro.com\/wp-content\/uploads\/2025\/05\/Viktor-Kosticky2.jpg","type":"image\/jpeg"}],"twitter_card":"summary_large_image","twitter_misc":{"Est. reading time":"1 minute"},"schema":{"@context":"https:\/\/schema.org","@graph":[{"@type":"WebPage","@id":"https:\/\/okoboro.com\/kurz\/elitny-trening-vyjednavania-2-0-pokracovanie-pokrocili\/","url":"https:\/\/okoboro.com\/kurz\/elitny-trening-vyjednavania-2-0-pokracovanie-pokrocili\/","name":"Pokro\u010dil\u00ed elitn\u00fd tr\u00e9ning vyjedn\u00e1vania 2.0 - okoboro","isPartOf":{"@id":"https:\/\/okoboro.com\/#website"},"primaryImageOfPage":{"@id":"https:\/\/okoboro.com\/kurz\/elitny-trening-vyjednavania-2-0-pokracovanie-pokrocili\/#primaryimage"},"image":{"@id":"https:\/\/okoboro.com\/kurz\/elitny-trening-vyjednavania-2-0-pokracovanie-pokrocili\/#primaryimage"},"thumbnailUrl":"https:\/\/okoboro.com\/wp-content\/uploads\/2025\/05\/Viktor-Kosticky2.jpg","datePublished":"2025-05-24T15:13:11+00:00","dateModified":"2026-03-31T15:04:11+00:00","breadcrumb":{"@id":"https:\/\/okoboro.com\/kurz\/elitny-trening-vyjednavania-2-0-pokracovanie-pokrocili\/#breadcrumb"},"inLanguage":"en-US","potentialAction":[{"@type":"ReadAction","target":["https:\/\/okoboro.com\/kurz\/elitny-trening-vyjednavania-2-0-pokracovanie-pokrocili\/"]}]},{"@type":"ImageObject","inLanguage":"en-US","@id":"https:\/\/okoboro.com\/kurz\/elitny-trening-vyjednavania-2-0-pokracovanie-pokrocili\/#primaryimage","url":"https:\/\/okoboro.com\/wp-content\/uploads\/2025\/05\/Viktor-Kosticky2.jpg","contentUrl":"https:\/\/okoboro.com\/wp-content\/uploads\/2025\/05\/Viktor-Kosticky2.jpg","width":1485,"height":990},{"@type":"BreadcrumbList","@id":"https:\/\/okoboro.com\/kurz\/elitny-trening-vyjednavania-2-0-pokracovanie-pokrocili\/#breadcrumb","itemListElement":[{"@type":"ListItem","position":1,"name":"Domovsk\u00e1 str\u00e1nka","item":"https:\/\/okoboro.com\/"},{"@type":"ListItem","position":2,"name":"Produkty","item":"https:\/\/okoboro.com\/shop\/"},{"@type":"ListItem","position":3,"name":"Pokro\u010dil\u00ed elitn\u00fd tr\u00e9ning vyjedn\u00e1vania 2.0"}]},{"@type":"WebSite","@id":"https:\/\/okoboro.com\/#website","url":"https:\/\/okoboro.com\/","name":"okoboro","description":"","publisher":{"@id":"https:\/\/okoboro.com\/#organization"},"potentialAction":[{"@type":"SearchAction","target":{"@type":"EntryPoint","urlTemplate":"https:\/\/okoboro.com\/?s={search_term_string}"},"query-input":{"@type":"PropertyValueSpecification","valueRequired":true,"valueName":"search_term_string"}}],"inLanguage":"en-US"},{"@type":"Organization","@id":"https:\/\/okoboro.com\/#organization","name":"okoboro","url":"https:\/\/okoboro.com\/","logo":{"@type":"ImageObject","inLanguage":"en-US","@id":"https:\/\/okoboro.com\/#\/schema\/logo\/image\/","url":"https:\/\/okoboro.com\/wp-content\/uploads\/2025\/06\/Layer_1-1.png","contentUrl":"https:\/\/okoboro.com\/wp-content\/uploads\/2025\/06\/Layer_1-1.png","width":128,"height":90,"caption":"okoboro"},"image":{"@id":"https:\/\/okoboro.com\/#\/schema\/logo\/image\/"},"sameAs":["https:\/\/www.linkedin.com\/company\/viktor-kosticky\/?viewAsMember=true","https:\/\/www.youtube.com\/channel\/UCr5_biRPE-LzsfWTeMWMNYA"]}]}},"_links":{"self":[{"href":"https:\/\/okoboro.com\/en\/wp-json\/wp\/v2\/product\/807","targetHints":{"allow":["GET"]}}],"collection":[{"href":"https:\/\/okoboro.com\/en\/wp-json\/wp\/v2\/product"}],"about":[{"href":"https:\/\/okoboro.com\/en\/wp-json\/wp\/v2\/types\/product"}],"wp:featuredmedia":[{"embeddable":true,"href":"https:\/\/okoboro.com\/en\/wp-json\/wp\/v2\/media\/2162"}],"wp:attachment":[{"href":"https:\/\/okoboro.com\/en\/wp-json\/wp\/v2\/media?parent=807"}],"wp:term":[{"taxonomy":"product_brand","embeddable":true,"href":"https:\/\/okoboro.com\/en\/wp-json\/wp\/v2\/product_brand?post=807"},{"taxonomy":"product_cat","embeddable":true,"href":"https:\/\/okoboro.com\/en\/wp-json\/wp\/v2\/product_cat?post=807"},{"taxonomy":"product_tag","embeddable":true,"href":"https:\/\/okoboro.com\/en\/wp-json\/wp\/v2\/product_tag?post=807"}],"curies":[{"name":"wp","href":"https:\/\/api.w.org\/{rel}","templated":true}]}}